{"id":1146,"date":"2025-02-18T11:36:09","date_gmt":"2025-02-18T10:36:09","guid":{"rendered":"https:\/\/fonds320.teamdigital.agency\/sectorconvenant\/"},"modified":"2025-06-14T06:31:11","modified_gmt":"2025-06-14T04:31:11","slug":"convenant-sectoriel","status":"publish","type":"page","link":"https:\/\/fonds320.teamdigital.agency\/fr\/convenant-sectoriel\/","title":{"rendered":"CONVENANT SECTORIEL"},"content":{"rendered":"\t\t<div data-elementor-type=\"wp-page\" data-elementor-id=\"1146\" class=\"elementor elementor-1146 elementor-516\">\n\t\t\t\t<div class=\"elementor-element elementor-element-df076c3 e-flex e-con-boxed e-con e-parent\" data-id=\"df076c3\" data-element_type=\"container\">\n\t\t\t\t\t<div class=\"e-con-inner\">\n\t\t\t\t<div class=\"elementor-element elementor-element-40c6042 elementor-widget elementor-widget-heading\" data-id=\"40c6042\" data-element_type=\"widget\" data-widget_type=\"heading.default\">\n\t\t\t\t<div class=\"elementor-widget-container\">\n\t\t\t\t\t<h2 class=\"elementor-heading-title elementor-size-default\">Convenant sectoriel<\/h2>\t\t\t\t<\/div>\n\t\t\t\t<\/div>\n\t\t\t\t\t<\/div>\n\t\t\t\t<\/div>\n\t\t<div class=\"elementor-element elementor-element-412937b e-flex e-con-boxed e-con e-parent\" data-id=\"412937b\" data-element_type=\"container\">\n\t\t\t\t\t<div class=\"e-con-inner\">\n\t\t\t\t<div class=\"elementor-element elementor-element-e06e905 elementor-widget elementor-widget-text-editor\" data-id=\"e06e905\" data-element_type=\"widget\" data-widget_type=\"text-editor.default\">\n\t\t\t\t<div class=\"elementor-widget-container\">\n\t\t\t\t\t\t\t\t\t<p>Les partenaires sociaux du secteur fun\u00e9raire se sont engag\u00e9s, via un convenant sectoriel conclu avec le gouvernement flamand, \u00e0 respecter un certain nombre d\u2019engagements sp\u00e9cifiques au secteur.\u00a0 Ce convenant, initialement conclu pour une p\u00e9riode d\u00e9termin\u00e9e, a \u00e9t\u00e9 prolong\u00e9 du 1er juillet 2024 jusqu\u2019au 30 juin 2025.<\/p><p>Dans le cadre de la mise en \u0153uvre de ce convenant, le Fonds 320 b\u00e9n\u00e9ficie du soutien de <a href=\"https:\/\/fonds320.teamdigital.agency\/fr\/contact\/\">consultants sectoriels<\/a>, qui travaillent par le biais d\u2019actions cibl\u00e9es autour des th\u00e9matiques d\u00e9cr\u00e9tales suivantes :<\/p><ul><li>L\u2019apprentissage \u00e0 vie et gestion des comp\u00e9tences.<\/li><li>Lien entre l\u2019enseignement et le march\u00e9 du travail ;\u00a0<\/li><li>Entr\u00e9e, int\u00e9gration lat\u00e9rale, transition et r\u00e9tention ;<\/li><li>Le Travail faisable<\/li><li>La non-discrimination et inclusion<\/li><\/ul>\t\t\t\t\t\t\t\t<\/div>\n\t\t\t\t<\/div>\n\t\t\t\t<div class=\"elementor-element elementor-element-abe36aa elementor-widget elementor-widget-text-editor\" data-id=\"abe36aa\" data-element_type=\"widget\" data-widget_type=\"text-editor.default\">\n\t\t\t\t<div class=\"elementor-widget-container\">\n\t\t\t\t\t\t\t\t\t<p>Bien que ce convenant soit conclu dans un cadre flamand, nous nous tenons \u00e9galement \u00e0 la disposition des entrepreneurs de pompes fun\u00e8bres francophones pour toute question ou demande d\u2019information \u00e0 ce sujet.<\/p><p>Vous avez des questions ou souhaitez plus d\u2019informations sur ce convenant ? N\u2019h\u00e9sitez pas \u00e0 <a href=\"https:\/\/fonds320.teamdigital.agency\/fr\/contact\/\">contacter<\/a> votre consultant\u00a0 sectoriel.<\/p>\t\t\t\t\t\t\t\t<\/div>\n\t\t\t\t<\/div>\n\t\t\t\t\t<\/div>\n\t\t\t\t<\/div>\n\t\t<div class=\"elementor-element elementor-element-b0639b5 e-flex e-con-boxed e-con e-parent\" data-id=\"b0639b5\" data-element_type=\"container\">\n\t\t\t\t\t<div class=\"e-con-inner\">\n\t\t\t\t<div class=\"elementor-element elementor-element-536f499 elementor-widget elementor-widget-heading\" data-id=\"536f499\" data-element_type=\"widget\" data-widget_type=\"heading.default\">\n\t\t\t\t<div class=\"elementor-widget-container\">\n\t\t\t\t\t<h3 class=\"elementor-heading-title elementor-size-default\">L\u2019apprentissage \u00e0 vie et gestion des comp\u00e9tences<\/h3>\t\t\t\t<\/div>\n\t\t\t\t<\/div>\n\t\t\t\t<div class=\"elementor-element elementor-element-b6fb727 elementor-widget elementor-widget-text-editor\" data-id=\"b6fb727\" data-element_type=\"widget\" data-widget_type=\"text-editor.default\">\n\t\t\t\t<div class=\"elementor-widget-container\">\n\t\t\t\t\t\t\t\t\t<p>L\u2019apprentissage tout au long de la vie signifie que tous les travailleurs, \u00e0 l\u2019exception des travailleurs occasionnels et des flexi-jobbers, ont le droit de suivre chaque ann\u00e9e, pendant le temps de travail, un certain nombre de jours de formation :<\/p><ul><li>5 jours de formation en 2025<\/li><\/ul><p>Pour les travailleurs \u00e0 temps partiel, ce nombre de jours est calcul\u00e9 au prorata de leur temps de travail effectif.<\/p><p>T\u00e9l\u00e9chargez ici votre <a href=\"https:\/\/fonds320.teamdigital.agency\/wp-content\/uploads\/2025\/06\/FR-OPLEIDINGSPLAN-BEGRAFENISSECTOR.pdf\" target=\"_blank\" rel=\"noopener\">plan de formation<\/a>.<\/p>\t\t\t\t\t\t\t\t<\/div>\n\t\t\t\t<\/div>\n\t\t\t\t\t<\/div>\n\t\t\t\t<\/div>\n\t\t<div class=\"elementor-element elementor-element-73c460d e-flex e-con-boxed e-con e-parent\" data-id=\"73c460d\" data-element_type=\"container\">\n\t\t\t\t\t<div class=\"e-con-inner\">\n\t\t\t\t<div class=\"elementor-element elementor-element-c8ae661 elementor-widget elementor-widget-heading\" data-id=\"c8ae661\" data-element_type=\"widget\" data-widget_type=\"heading.default\">\n\t\t\t\t<div class=\"elementor-widget-container\">\n\t\t\t\t\t<h3 class=\"elementor-heading-title elementor-size-default\">Diversit\u00e9 et inclusion<\/h3>\t\t\t\t<\/div>\n\t\t\t\t<\/div>\n\t\t\t\t<div class=\"elementor-element elementor-element-9f78504 elementor-widget elementor-widget-text-editor\" data-id=\"9f78504\" data-element_type=\"widget\" data-widget_type=\"text-editor.default\">\n\t\t\t\t<div class=\"elementor-widget-container\">\n\t\t\t\t\t\t\t\t\t<p>Nous nous effor\u00e7ons de rendre les emplois dans notre secteur attractifs et accessibles \u00e0 toutes et \u00e0 tous. Un guide pratique sur la non-discrimination et l\u2019inclusion vous explique comment valoriser pleinement le potentiel de la diversit\u00e9.<\/p><p>D\u00e9couvrez \u00e9galement nos <a href=\"https:\/\/fonds320.teamdigital.agency\/fr\/videosteaser\/\">vid\u00e9os teaser<\/a>, nos <a href=\"https:\/\/fonds320.teamdigital.agency\/fr\/cartoons\/\">dessins humoristiques<\/a>, ainsi que notre<a href=\"https:\/\/fonds320.teamdigital.agency\/wp-content\/uploads\/2025\/06\/Code-de-non-discrimination.pdf\" target=\"_blank\" rel=\"noopener\"> brochure sur la non-discrimination<\/a>.<\/p><p>Vous souhaitez en savoir plus ? N\u2019h\u00e9sitez pas \u00e0 contacter votre <a href=\"https:\/\/fonds320.teamdigital.agency\/fr\/contact\/\">consultante sectorielle<\/a>.<\/p>\t\t\t\t\t\t\t\t<\/div>\n\t\t\t\t<\/div>\n\t\t\t\t\t<\/div>\n\t\t\t\t<\/div>\n\t\t\t\t<\/div>\n\t\t","protected":false},"excerpt":{"rendered":"<p>Convenant sectoriel Les partenaires sociaux du secteur fun\u00e9raire se sont engag\u00e9s, via un convenant sectoriel conclu avec le gouvernement flamand, \u00e0 respecter un certain nombre d\u2019engagements sp\u00e9cifiques au secteur.\u00a0 Ce convenant, initialement conclu pour une p\u00e9riode d\u00e9termin\u00e9e, a \u00e9t\u00e9 prolong\u00e9 du 1er juillet 2024 jusqu\u2019au 30 juin 2025. Dans le cadre de la mise en [&hellip;]<\/p>\n","protected":false},"author":1,"featured_media":0,"parent":0,"menu_order":0,"comment_status":"closed","ping_status":"closed","template":"","meta":{"site-sidebar-layout":"no-sidebar","site-content-layout":"","ast-site-content-layout":"full-width-container","site-content-style":"default","site-sidebar-style":"default","ast-global-header-display":"","ast-banner-title-visibility":"","ast-main-header-display":"","ast-hfb-above-header-display":"","ast-hfb-below-header-display":"","ast-hfb-mobile-header-display":"","site-post-title":"disabled","ast-breadcrumbs-content":"","ast-featured-img":"disabled","footer-sml-layout":"","theme-transparent-header-meta":"default","adv-header-id-meta":"","stick-header-meta":"","header-above-stick-meta":"","header-main-stick-meta":"","header-below-stick-meta":"","astra-migrate-meta-layouts":"set","ast-page-background-enabled":"default","ast-page-background-meta":{"desktop":{"background-color":"var(--ast-global-color-4)","background-image":"","background-repeat":"repeat","background-position":"center center","background-size":"auto","background-attachment":"scroll","background-type":"","background-media":"","overlay-type":"","overlay-color":"","overlay-opacity":"","overlay-gradient":""},"tablet":{"background-color":"","background-image":"","background-repeat":"repeat","background-position":"center center","background-size":"auto","background-attachment":"scroll","background-type":"","background-media":"","overlay-type":"","overlay-color":"","overlay-opacity":"","overlay-gradient":""},"mobile":{"background-color":"","background-image":"","background-repeat":"repeat","background-position":"center center","background-size":"auto","background-attachment":"scroll","background-type":"","background-media":"","overlay-type":"","overlay-color":"","overlay-opacity":"","overlay-gradient":""}},"ast-content-background-meta":{"desktop":{"background-color":"var(--ast-global-color-5)","background-image":"","background-repeat":"repeat","background-position":"center center","background-size":"auto","background-attachment":"scroll","background-type":"","background-media":"","overlay-type":"","overlay-color":"","overlay-opacity":"","overlay-gradient":""},"tablet":{"background-color":"var(--ast-global-color-5)","background-image":"","background-repeat":"repeat","background-position":"center center","background-size":"auto","background-attachment":"scroll","background-type":"","background-media":"","overlay-type":"","overlay-color":"","overlay-opacity":"","overlay-gradient":""},"mobile":{"background-color":"var(--ast-global-color-5)","background-image":"","background-repeat":"repeat","background-position":"center center","background-size":"auto","background-attachment":"scroll","background-type":"","background-media":"","overlay-type":"","overlay-color":"","overlay-opacity":"","overlay-gradient":""}},"footnotes":""},"class_list":["post-1146","page","type-page","status-publish","hentry"],"_links":{"self":[{"href":"https:\/\/fonds320.teamdigital.agency\/fr\/wp-json\/wp\/v2\/pages\/1146","targetHints":{"allow":["GET"]}}],"collection":[{"href":"https:\/\/fonds320.teamdigital.agency\/fr\/wp-json\/wp\/v2\/pages"}],"about":[{"href":"https:\/\/fonds320.teamdigital.agency\/fr\/wp-json\/wp\/v2\/types\/page"}],"author":[{"embeddable":true,"href":"https:\/\/fonds320.teamdigital.agency\/fr\/wp-json\/wp\/v2\/users\/1"}],"replies":[{"embeddable":true,"href":"https:\/\/fonds320.teamdigital.agency\/fr\/wp-json\/wp\/v2\/comments?post=1146"}],"version-history":[{"count":13,"href":"https:\/\/fonds320.teamdigital.agency\/fr\/wp-json\/wp\/v2\/pages\/1146\/revisions"}],"predecessor-version":[{"id":1426,"href":"https:\/\/fonds320.teamdigital.agency\/fr\/wp-json\/wp\/v2\/pages\/1146\/revisions\/1426"}],"wp:attachment":[{"href":"https:\/\/fonds320.teamdigital.agency\/fr\/wp-json\/wp\/v2\/media?parent=1146"}],"curies":[{"name":"wp","href":"https:\/\/api.w.org\/{rel}","templated":true}]}}