{"id":1152,"date":"2025-02-18T07:14:11","date_gmt":"2025-02-18T07:14:11","guid":{"rendered":"https:\/\/fonds320.teamdigital.agency\/emotionele-en-psychische-ondersteuning\/"},"modified":"2025-06-12T08:30:24","modified_gmt":"2025-06-12T08:30:24","slug":"soutien-emotionnel-et-psychique","status":"publish","type":"page","link":"https:\/\/fonds320.teamdigital.agency\/fr\/werknemers\/soutien-emotionnel-et-psychique\/","title":{"rendered":"Soutien \u00e9motionnel et psychique"},"content":{"rendered":"\t\t<div data-elementor-type=\"wp-page\" data-elementor-id=\"1152\" class=\"elementor elementor-1152 elementor-435\">\n\t\t\t\t<div class=\"elementor-element elementor-element-8c5768d e-flex e-con-boxed e-con e-parent\" data-id=\"8c5768d\" data-element_type=\"container\">\n\t\t\t\t\t<div class=\"e-con-inner\">\n\t\t\t\t<div class=\"elementor-element elementor-element-a332fba elementor-widget elementor-widget-heading\" data-id=\"a332fba\" data-element_type=\"widget\" data-widget_type=\"heading.default\">\n\t\t\t\t<div class=\"elementor-widget-container\">\n\t\t\t\t\t<h2 class=\"elementor-heading-title elementor-size-default\">Soutien \u00e9motionnel et psychique<\/h2>\t\t\t\t<\/div>\n\t\t\t\t<\/div>\n\t\t\t\t\t<\/div>\n\t\t\t\t<\/div>\n\t\t<div class=\"elementor-element elementor-element-4e74aa3 e-flex e-con-boxed e-con e-parent\" data-id=\"4e74aa3\" data-element_type=\"container\">\n\t\t\t\t\t<div class=\"e-con-inner\">\n\t\t\t\t<div class=\"elementor-element elementor-element-f65df34 elementor-widget elementor-widget-text-editor\" data-id=\"f65df34\" data-element_type=\"widget\" data-widget_type=\"text-editor.default\">\n\t\t\t\t<div class=\"elementor-widget-container\">\n\t\t\t\t\t\t\t\t\t<p>Nous ne nous y attarderons pas, mais votre statut de travailleur peut vous amener \u00e0 \u00eatre impliqu\u00e9 dans des \u00e9v\u00e9nements traumatisants.\u00a0 Notamment un accident du travail ou de la circulation, le d\u00e9c\u00e8s d\u2019un\u00b7e coll\u00e8gue ou d\u2019un proche, une attaque ou un autre cas d\u2019agression physique ou verbale, l\u2019identification inexacte d\u2019un d\u00e9funt entra\u00eenant une erreur dans l\u2019ex\u00e9cution de ses derni\u00e8res volont\u00e9s, une hausse soudaine de d\u00e9c\u00e8s en cas d\u2019attentat ou de catastrophe naturelle, un accident du travail, un incendie, une effraction, un suicide (ou une tentative de suicide) d\u2019un\u00b7e coll\u00e8gue ou d\u2019une relation, une restructuration, \u2026 Une telle situation peut g\u00e9n\u00e9rer le besoin ou la n\u00e9cessit\u00e9 d\u2019un entretien en toute discr\u00e9tion avec un assistant social professionnel.<\/p><p>Le Fonds 320 a conclu une convention avec POBOS, un centre de conseils pour la gestion du bien-\u00eatre et l\u2019aide cons\u00e9cutive \u00e0 des \u00e9v\u00e9nements traumatisants, afin de fournir une assistance psychologique aux travailleurs du secteur si le besoin s\u2019en fait sentir \u00e0 la suite d\u2019un \u00e9v\u00e9nement bouleversant.<\/p>\t\t\t\t\t\t\t\t<\/div>\n\t\t\t\t<\/div>\n\t\t\t\t\t<\/div>\n\t\t\t\t<\/div>\n\t\t<div class=\"elementor-element elementor-element-0ae177f e-flex e-con-boxed e-con e-parent\" data-id=\"0ae177f\" data-element_type=\"container\">\n\t\t\t\t\t<div class=\"e-con-inner\">\n\t\t\t\t<div class=\"elementor-element elementor-element-90f9cec elementor-widget elementor-widget-heading\" data-id=\"90f9cec\" data-element_type=\"widget\" data-widget_type=\"heading.default\">\n\t\t\t\t<div class=\"elementor-widget-container\">\n\t\t\t\t\t<h3 class=\"elementor-heading-title elementor-size-default\">Comment demander votre soutien \u00e9motionnel ?<\/h3>\t\t\t\t<\/div>\n\t\t\t\t<\/div>\n\t\t\t\t<div class=\"elementor-element elementor-element-22393c8 elementor-widget elementor-widget-text-editor\" data-id=\"22393c8\" data-element_type=\"widget\" data-widget_type=\"text-editor.default\">\n\t\t\t\t<div class=\"elementor-widget-container\">\n\t\t\t\t\t\t\t\t\t<p>En vous adressant \u00e0 <a href=\"mailto:assist@fonds320.be\">assist@fonds320.be<\/a>\u00a0et en fournissant les donn\u00e9es suivantes :<\/p><ul><li>Pr\u00e9nom + Nom<\/li><li>Adresse<\/li><li>Num\u00e9ro de GSM<\/li><li>Adresse \u00e9lectronique<\/li><li>\u00c2ge<\/li><li>Langue<\/li><li>L\u2019entreprise qui vous occupe<\/li><li>Une description succincte de la demande d\u2019assistance. Vous pouvez aussi y mentionner tous les \u00e9l\u00e9ments qu\u2019il est indispensable de conna\u00eetre afin de trouver le psychologue le plus appropri\u00e9<\/li><\/ul><p>Si votre demande est approuv\u00e9e, nous en informons POBOS.\u00a0 Ceux-ci vous mettront au plus vite en contact avec un psychologue exp\u00e9riment\u00e9 \u00e0 proximit\u00e9. Si n\u00e9cessaire, un premier entretien d\u2019accompagnement peut se d\u00e9rouler sur les lieux dans les 24 heures. En fonction du motif de l\u2019inscription, un accompagnement compte g\u00e9n\u00e9ralement de 3 \u00e0 10 entretiens.\u00a0 Ceux-ci sont gratuits pour le travailleur.<\/p>\t\t\t\t\t\t\t\t<\/div>\n\t\t\t\t<\/div>\n\t\t\t\t\t<\/div>\n\t\t\t\t<\/div>\n\t\t\t\t<\/div>\n\t\t","protected":false},"excerpt":{"rendered":"<p>Soutien \u00e9motionnel et psychique Nous ne nous y attarderons pas, mais votre statut de travailleur peut vous amener \u00e0 \u00eatre impliqu\u00e9 dans des \u00e9v\u00e9nements traumatisants.\u00a0 Notamment un accident du travail ou de la circulation, le d\u00e9c\u00e8s d\u2019un\u00b7e coll\u00e8gue ou d\u2019un proche, une attaque ou un autre cas d\u2019agression physique ou verbale, l\u2019identification inexacte d\u2019un d\u00e9funt [&hellip;]<\/p>\n","protected":false},"author":1,"featured_media":0,"parent":1165,"menu_order":0,"comment_status":"closed","ping_status":"closed","template":"","meta":{"site-sidebar-layout":"no-sidebar","site-content-layout":"","ast-site-content-layout":"full-width-container","site-content-style":"default","site-sidebar-style":"default","ast-global-header-display":"","ast-banner-title-visibility":"","ast-main-header-display":"","ast-hfb-above-header-display":"","ast-hfb-below-header-display":"","ast-hfb-mobile-header-display":"","site-post-title":"disabled","ast-breadcrumbs-content":"","ast-featured-img":"disabled","footer-sml-layout":"","theme-transparent-header-meta":"","adv-header-id-meta":"","stick-header-meta":"","header-above-stick-meta":"","header-main-stick-meta":"","header-below-stick-meta":"","astra-migrate-meta-layouts":"default","ast-page-background-enabled":"default","ast-page-background-meta":{"desktop":{"background-color":"var(--ast-global-color-4)","background-image":"","background-repeat":"repeat","background-position":"center center","background-size":"auto","background-attachment":"scroll","background-type":"","background-media":"","overlay-type":"","overlay-color":"","overlay-opacity":"","overlay-gradient":""},"tablet":{"background-color":"","background-image":"","background-repeat":"repeat","background-position":"center center","background-size":"auto","background-attachment":"scroll","background-type":"","background-media":"","overlay-type":"","overlay-color":"","overlay-opacity":"","overlay-gradient":""},"mobile":{"background-color":"","background-image":"","background-repeat":"repeat","background-position":"center center","background-size":"auto","background-attachment":"scroll","background-type":"","background-media":"","overlay-type":"","overlay-color":"","overlay-opacity":"","overlay-gradient":""}},"ast-content-background-meta":{"desktop":{"background-color":"var(--ast-global-color-5)","background-image":"","background-repeat":"repeat","background-position":"center center","background-size":"auto","background-attachment":"scroll","background-type":"","background-media":"","overlay-type":"","overlay-color":"","overlay-opacity":"","overlay-gradient":""},"tablet":{"background-color":"var(--ast-global-color-5)","background-image":"","background-repeat":"repeat","background-position":"center center","background-size":"auto","background-attachment":"scroll","background-type":"","background-media":"","overlay-type":"","overlay-color":"","overlay-opacity":"","overlay-gradient":""},"mobile":{"background-color":"var(--ast-global-color-5)","background-image":"","background-repeat":"repeat","background-position":"center center","background-size":"auto","background-attachment":"scroll","background-type":"","background-media":"","overlay-type":"","overlay-color":"","overlay-opacity":"","overlay-gradient":""}},"footnotes":""},"class_list":["post-1152","page","type-page","status-publish","hentry"],"_links":{"self":[{"href":"https:\/\/fonds320.teamdigital.agency\/fr\/wp-json\/wp\/v2\/pages\/1152","targetHints":{"allow":["GET"]}}],"collection":[{"href":"https:\/\/fonds320.teamdigital.agency\/fr\/wp-json\/wp\/v2\/pages"}],"about":[{"href":"https:\/\/fonds320.teamdigital.agency\/fr\/wp-json\/wp\/v2\/types\/page"}],"author":[{"embeddable":true,"href":"https:\/\/fonds320.teamdigital.agency\/fr\/wp-json\/wp\/v2\/users\/1"}],"replies":[{"embeddable":true,"href":"https:\/\/fonds320.teamdigital.agency\/fr\/wp-json\/wp\/v2\/comments?post=1152"}],"version-history":[{"count":4,"href":"https:\/\/fonds320.teamdigital.agency\/fr\/wp-json\/wp\/v2\/pages\/1152\/revisions"}],"predecessor-version":[{"id":1248,"href":"https:\/\/fonds320.teamdigital.agency\/fr\/wp-json\/wp\/v2\/pages\/1152\/revisions\/1248"}],"up":[{"embeddable":true,"href":"https:\/\/fonds320.teamdigital.agency\/fr\/wp-json\/wp\/v2\/pages\/1165"}],"wp:attachment":[{"href":"https:\/\/fonds320.teamdigital.agency\/fr\/wp-json\/wp\/v2\/media?parent=1152"}],"curies":[{"name":"wp","href":"https:\/\/api.w.org\/{rel}","templated":true}]}}