{"id":1158,"date":"2024-02-05T07:56:19","date_gmt":"2024-02-05T06:56:19","guid":{"rendered":"https:\/\/fonds320.teamdigital.agency\/verplaatsingskosten\/"},"modified":"2025-06-15T07:23:21","modified_gmt":"2025-06-15T05:23:21","slug":"frais-de-deplacement","status":"publish","type":"page","link":"https:\/\/fonds320.teamdigital.agency\/fr\/loon-en-arbeidsvoorwaarden\/frais-de-deplacement\/","title":{"rendered":"Frais de d\u00e9placement"},"content":{"rendered":"\t\t<div data-elementor-type=\"wp-page\" data-elementor-id=\"1158\" class=\"elementor elementor-1158 elementor-234\">\n\t\t\t\t<div class=\"elementor-element elementor-element-8c5768d e-flex e-con-boxed e-con e-parent\" data-id=\"8c5768d\" data-element_type=\"container\">\n\t\t\t\t\t<div class=\"e-con-inner\">\n\t\t\t\t<div class=\"elementor-element elementor-element-a332fba elementor-widget elementor-widget-heading\" data-id=\"a332fba\" data-element_type=\"widget\" data-widget_type=\"heading.default\">\n\t\t\t\t<div class=\"elementor-widget-container\">\n\t\t\t\t\t<h2 class=\"elementor-heading-title elementor-size-default\">Verplaatsingskosten<\/h2>\t\t\t\t<\/div>\n\t\t\t\t<\/div>\n\t\t\t\t\t<\/div>\n\t\t\t\t<\/div>\n\t\t<div class=\"elementor-element elementor-element-4e74aa3 e-flex e-con-boxed e-con e-parent\" data-id=\"4e74aa3\" data-element_type=\"container\">\n\t\t\t\t\t<div class=\"e-con-inner\">\n\t\t\t\t<div class=\"elementor-element elementor-element-f65df34 elementor-widget elementor-widget-text-editor\" data-id=\"f65df34\" data-element_type=\"widget\" data-widget_type=\"text-editor.default\">\n\t\t\t\t<div class=\"elementor-widget-container\">\n\t\t\t\t\t\t\t\t\t<p>T\u00e9l\u00e9chargez <a href=\"https:\/\/fonds320.teamdigital.agency\/wp-content\/uploads\/2025\/06\/frais-de-deplacement.pdf\" target=\"_blank\" rel=\"noopener\">le tableau<\/a> des montants pour les d\u00e9placements de 2025 ici<\/p><p>Les travailleurs qui se rendent au travail en transports en commun sont rembours\u00e9s \u00e0 100 %.<\/p><p>Les travailleurs qui se rendent au travail \u00e0 v\u00e9lo b\u00e9n\u00e9ficient d\u2019une indemnit\u00e9 \u00e9gale au plafond fiscal exon\u00e9r\u00e9 de 0,36 EUR par kilom\u00e8tre (\u00e0 partir du 1er janvier 2025). Les travailleurs doivent introduire une d\u00e9claration sur l\u2019honneur par \u00e9crit pour prouver leur d\u00e9placement \u00e0 v\u00e9lo.<\/p>\t\t\t\t\t\t\t\t<\/div>\n\t\t\t\t<\/div>\n\t\t\t\t\t<\/div>\n\t\t\t\t<\/div>\n\t\t<div class=\"elementor-element elementor-element-abac34f e-flex e-con-boxed e-con e-parent\" data-id=\"abac34f\" data-element_type=\"container\">\n\t\t\t\t\t<div class=\"e-con-inner\">\n\t\t\t\t<div class=\"elementor-element elementor-element-1316e76 elementor-widget elementor-widget-shortcode\" data-id=\"1316e76\" data-element_type=\"widget\" data-widget_type=\"shortcode.default\">\n\t\t\t\t<div class=\"elementor-widget-container\">\n\t\t\t\t\t\t\t<div class=\"elementor-shortcode\">\n<table id=\"tablepress-4\" class=\"tablepress tablepress-id-4\">\n<thead>\n<tr class=\"row-1\">\n\t<th class=\"column-1\">Distance<\/th><th class=\"column-2\">Mois<\/th><th class=\"column-3\">80%<\/th><th class=\"column-4\">Montant (par jour)<\/th>\n<\/tr>\n<\/thead>\n<tbody class=\"row-striping row-hover\">\n<tr class=\"row-2\">\n\t<td class=\"column-1\">1-3<\/td><td class=\"column-2\">46,50<\/td><td class=\"column-3\">37,20<\/td><td class=\"column-4\">2,21<\/td>\n<\/tr>\n<tr class=\"row-3\">\n\t<td class=\"column-1\">4<\/td><td class=\"column-2\">50,00<\/td><td class=\"column-3\">40,00<\/td><td class=\"column-4\">2,38<\/td>\n<\/tr>\n<tr class=\"row-4\">\n\t<td class=\"column-1\">5<\/td><td class=\"column-2\">55,00<\/td><td class=\"column-3\">44,00<\/td><td class=\"column-4\">2,62<\/td>\n<\/tr>\n<tr class=\"row-5\">\n\t<td class=\"column-1\">6<\/td><td class=\"column-2\">58,00<\/td><td class=\"column-3\">46,40<\/td><td class=\"column-4\">2,76<\/td>\n<\/tr>\n<tr class=\"row-6\">\n\t<td class=\"column-1\">7<\/td><td class=\"column-2\">62,00<\/td><td class=\"column-3\">49,60<\/td><td class=\"column-4\">2,95<\/td>\n<\/tr>\n<tr class=\"row-7\">\n\t<td class=\"column-1\">8<\/td><td class=\"column-2\">65,00<\/td><td class=\"column-3\">52,00<\/td><td class=\"column-4\">3,10<\/td>\n<\/tr>\n<tr class=\"row-8\">\n\t<td class=\"column-1\">9<\/td><td class=\"column-2\">68,00<\/td><td class=\"column-3\">54,40<\/td><td class=\"column-4\">3,24<\/td>\n<\/tr>\n<tr class=\"row-9\">\n\t<td class=\"column-1\">10<\/td><td class=\"column-2\">72,00<\/td><td class=\"column-3\">57,60<\/td><td class=\"column-4\">3,43<\/td>\n<\/tr>\n<tr class=\"row-10\">\n\t<td class=\"column-1\">11<\/td><td class=\"column-2\">75,00<\/td><td class=\"column-3\">60,00<\/td><td class=\"column-4\">3,57<\/td>\n<\/tr>\n<tr class=\"row-11\">\n\t<td class=\"column-1\">12<\/td><td class=\"column-2\">79,00<\/td><td class=\"column-3\">63,20<\/td><td class=\"column-4\">3,76<\/td>\n<\/tr>\n<tr class=\"row-12\">\n\t<td class=\"column-1\">13<\/td><td class=\"column-2\">82,00<\/td><td class=\"column-3\">65,60<\/td><td class=\"column-4\">3,90<\/td>\n<\/tr>\n<tr class=\"row-13\">\n\t<td class=\"column-1\">14<\/td><td class=\"column-2\">86,00<\/td><td class=\"column-3\">68,80<\/td><td class=\"column-4\">4,10<\/td>\n<\/tr>\n<tr class=\"row-14\">\n\t<td class=\"column-1\">15<\/td><td class=\"column-2\">89,00<\/td><td class=\"column-3\">71,20<\/td><td class=\"column-4\">4,24<\/td>\n<\/tr>\n<tr class=\"row-15\">\n\t<td class=\"column-1\">16<\/td><td class=\"column-2\">93,00<\/td><td class=\"column-3\">74,40<\/td><td class=\"column-4\">4,43<\/td>\n<\/tr>\n<tr class=\"row-16\">\n\t<td class=\"column-1\">17<\/td><td class=\"column-2\">96,00<\/td><td class=\"column-3\">76,80<\/td><td class=\"column-4\">4,57<\/td>\n<\/tr>\n<tr class=\"row-17\">\n\t<td class=\"column-1\">18<\/td><td class=\"column-2\">100,00<\/td><td class=\"column-3\">80,00<\/td><td class=\"column-4\">4,76<\/td>\n<\/tr>\n<tr class=\"row-18\">\n\t<td class=\"column-1\">19<\/td><td class=\"column-2\">103,00<\/td><td class=\"column-3\">82,40<\/td><td class=\"column-4\">4,90<\/td>\n<\/tr>\n<tr class=\"row-19\">\n\t<td class=\"column-1\">20<\/td><td class=\"column-2\">107,00<\/td><td class=\"column-3\">85,60<\/td><td class=\"column-4\">5,10<\/td>\n<\/tr>\n<tr class=\"row-20\">\n\t<td class=\"column-1\">21<\/td><td class=\"column-2\">110,00<\/td><td class=\"column-3\">88,00<\/td><td class=\"column-4\">5,24<\/td>\n<\/tr>\n<tr class=\"row-21\">\n\t<td class=\"column-1\">22<\/td><td class=\"column-2\">114,00<\/td><td class=\"column-3\">91,20<\/td><td class=\"column-4\">5,43<\/td>\n<\/tr>\n<tr class=\"row-22\">\n\t<td class=\"column-1\">23<\/td><td class=\"column-2\">117,00<\/td><td class=\"column-3\">93,60<\/td><td class=\"column-4\">5,57<\/td>\n<\/tr>\n<tr class=\"row-23\">\n\t<td class=\"column-1\">24<\/td><td class=\"column-2\">121,00<\/td><td class=\"column-3\">96,80<\/td><td class=\"column-4\">5,76<\/td>\n<\/tr>\n<tr class=\"row-24\">\n\t<td class=\"column-1\">25<\/td><td class=\"column-2\">124,00<\/td><td class=\"column-3\">99,20<\/td><td class=\"column-4\">5,90<\/td>\n<\/tr>\n<tr class=\"row-25\">\n\t<td class=\"column-1\">26<\/td><td class=\"column-2\">128,00<\/td><td class=\"column-3\">102,40<\/td><td class=\"column-4\">6,10<\/td>\n<\/tr>\n<tr class=\"row-26\">\n\t<td class=\"column-1\">27<\/td><td class=\"column-2\">131,00<\/td><td class=\"column-3\">104,80<\/td><td class=\"column-4\">6,24<\/td>\n<\/tr>\n<tr class=\"row-27\">\n\t<td class=\"column-1\">28<\/td><td class=\"column-2\">135,00<\/td><td class=\"column-3\">108,00<\/td><td class=\"column-4\">6,43<\/td>\n<\/tr>\n<tr class=\"row-28\">\n\t<td class=\"column-1\">29<\/td><td class=\"column-2\">138,00<\/td><td class=\"column-3\">110,40<\/td><td class=\"column-4\">6,57<\/td>\n<\/tr>\n<tr class=\"row-29\">\n\t<td class=\"column-1\">30<\/td><td class=\"column-2\">142,00<\/td><td class=\"column-3\">113,60<\/td><td class=\"column-4\">6,76<\/td>\n<\/tr>\n<tr class=\"row-30\">\n\t<td class=\"column-1\">31-33<\/td><td class=\"column-2\">147,00<\/td><td class=\"column-3\">117,60<\/td><td class=\"column-4\">7,00<\/td>\n<\/tr>\n<tr class=\"row-31\">\n\t<td class=\"column-1\">34-36<\/td><td class=\"column-2\">156,00<\/td><td class=\"column-3\">124,80<\/td><td class=\"column-4\">7,43<\/td>\n<\/tr>\n<tr class=\"row-32\">\n\t<td class=\"column-1\">37-39<\/td><td class=\"column-2\">165,00<\/td><td class=\"column-3\">132,00<\/td><td class=\"column-4\">7,86<\/td>\n<\/tr>\n<tr class=\"row-33\">\n\t<td class=\"column-1\">40-42<\/td><td class=\"column-2\">173,00<\/td><td class=\"column-3\">138,40<\/td><td class=\"column-4\">8,24<\/td>\n<\/tr>\n<tr class=\"row-34\">\n\t<td class=\"column-1\">43-45<\/td><td class=\"column-2\">182,00<\/td><td class=\"column-3\">145,60<\/td><td class=\"column-4\">8,67<\/td>\n<\/tr>\n<tr class=\"row-35\">\n\t<td class=\"column-1\">46-48<\/td><td class=\"column-2\">190,00<\/td><td class=\"column-3\">152,00<\/td><td class=\"column-4\">9,05<\/td>\n<\/tr>\n<tr class=\"row-36\">\n\t<td class=\"column-1\">49-51<\/td><td class=\"column-2\">199,00<\/td><td class=\"column-3\">159,20<\/td><td class=\"column-4\">9,48<\/td>\n<\/tr>\n<tr class=\"row-37\">\n\t<td class=\"column-1\">52-54<\/td><td class=\"column-2\">205,00<\/td><td class=\"column-3\">164,00<\/td><td class=\"column-4\">9,76<\/td>\n<\/tr>\n<tr class=\"row-38\">\n\t<td class=\"column-1\">55-57<\/td><td class=\"column-2\">211,00<\/td><td class=\"column-3\">168,80<\/td><td class=\"column-4\">10,05<\/td>\n<\/tr>\n<tr class=\"row-39\">\n\t<td class=\"column-1\">58-60<\/td><td class=\"column-2\">217,00<\/td><td class=\"column-3\">173,60<\/td><td class=\"column-4\">10,33<\/td>\n<\/tr>\n<tr class=\"row-40\">\n\t<td class=\"column-1\">61-65<\/td><td class=\"column-2\">225,00<\/td><td class=\"column-3\">180,00<\/td><td class=\"column-4\">10,71<\/td>\n<\/tr>\n<tr class=\"row-41\">\n\t<td class=\"column-1\">66-70<\/td><td class=\"column-2\">235,00<\/td><td class=\"column-3\">188,00<\/td><td class=\"column-4\">11,19<\/td>\n<\/tr>\n<tr class=\"row-42\">\n\t<td class=\"column-1\">71-75<\/td><td class=\"column-2\">245,00<\/td><td class=\"column-3\">196,00<\/td><td class=\"column-4\">11,67<\/td>\n<\/tr>\n<tr class=\"row-43\">\n\t<td class=\"column-1\">76-80<\/td><td class=\"column-2\">256,00<\/td><td class=\"column-3\">204,80<\/td><td class=\"column-4\">12,19<\/td>\n<\/tr>\n<tr class=\"row-44\">\n\t<td class=\"column-1\">81-85<\/td><td class=\"column-2\">266,00<\/td><td class=\"column-3\">212,80<\/td><td class=\"column-4\">12,67<\/td>\n<\/tr>\n<tr class=\"row-45\">\n\t<td class=\"column-1\">86-90<\/td><td class=\"column-2\">276,00<\/td><td class=\"column-3\">220,80<\/td><td class=\"column-4\">13,14<\/td>\n<\/tr>\n<tr class=\"row-46\">\n\t<td class=\"column-1\">91-95<\/td><td class=\"column-2\">286,00<\/td><td class=\"column-3\">228,80<\/td><td class=\"column-4\">13,62<\/td>\n<\/tr>\n<tr class=\"row-47\">\n\t<td class=\"column-1\">96-100<\/td><td class=\"column-2\">296,00<\/td><td class=\"column-3\">236,80<\/td><td class=\"column-4\">14,10<\/td>\n<\/tr>\n<tr class=\"row-48\">\n\t<td class=\"column-1\">101-105<\/td><td class=\"column-2\">306,00<\/td><td class=\"column-3\">244,80<\/td><td class=\"column-4\">14,57<\/td>\n<\/tr>\n<tr class=\"row-49\">\n\t<td class=\"column-1\">106-110<\/td><td class=\"column-2\">317,00<\/td><td class=\"column-3\">253,60<\/td><td class=\"column-4\">15,10<\/td>\n<\/tr>\n<tr class=\"row-50\">\n\t<td class=\"column-1\">111-115<\/td><td class=\"column-2\">327,00<\/td><td class=\"column-3\">261,60<\/td><td class=\"column-4\">15,57<\/td>\n<\/tr>\n<tr class=\"row-51\">\n\t<td class=\"column-1\">116-120<\/td><td class=\"column-2\">337,00<\/td><td class=\"column-3\">269,60<\/td><td class=\"column-4\">16,05<\/td>\n<\/tr>\n<tr class=\"row-52\">\n\t<td class=\"column-1\">121-125<\/td><td class=\"column-2\">347,00<\/td><td class=\"column-3\">277,60<\/td><td class=\"column-4\">16,52<\/td>\n<\/tr>\n<tr class=\"row-53\">\n\t<td class=\"column-1\">126-130<\/td><td class=\"column-2\">357,00<\/td><td class=\"column-3\">285,60<\/td><td class=\"column-4\">17,00<\/td>\n<\/tr>\n<tr class=\"row-54\">\n\t<td class=\"column-1\">131-135<\/td><td class=\"column-2\">367,00<\/td><td class=\"column-3\">293,60<\/td><td class=\"column-4\">17,48<\/td>\n<\/tr>\n<tr class=\"row-55\">\n\t<td class=\"column-1\">136-140<\/td><td class=\"column-2\">377,00<\/td><td class=\"column-3\">301,60<\/td><td class=\"column-4\">17,95<\/td>\n<\/tr>\n<tr class=\"row-56\">\n\t<td class=\"column-1\">141-145<\/td><td class=\"column-2\">388,00<\/td><td class=\"column-3\">310,40<\/td><td class=\"column-4\">18,48<\/td>\n<\/tr>\n<tr class=\"row-57\">\n\t<td class=\"column-1\">146-150<\/td><td class=\"column-2\">402,00<\/td><td class=\"column-3\">321,60<\/td><td class=\"column-4\">19,14<\/td>\n<\/tr>\n<\/tbody>\n<tfoot>\n<tr class=\"row-58\">\n\t<td class=\"column-1\"><\/td><td class=\"column-2\"><\/td><td class=\"column-3\"><\/td><td class=\"column-4\"><\/td>\n<\/tr>\n<\/tfoot>\n<\/table>\n<!-- #tablepress-4 from cache --><\/div>\n\t\t\t\t\t\t<\/div>\n\t\t\t\t<\/div>\n\t\t\t\t\t<\/div>\n\t\t\t\t<\/div>\n\t\t\t\t<\/div>\n\t\t","protected":false},"excerpt":{"rendered":"<p>Verplaatsingskosten T\u00e9l\u00e9chargez le tableau des montants pour les d\u00e9placements de 2025 ici Les travailleurs qui se rendent au travail en transports en commun sont rembours\u00e9s \u00e0 100 %. Les travailleurs qui se rendent au travail \u00e0 v\u00e9lo b\u00e9n\u00e9ficient d\u2019une indemnit\u00e9 \u00e9gale au plafond fiscal exon\u00e9r\u00e9 de 0,36 EUR par kilom\u00e8tre (\u00e0 partir du 1er janvier [&hellip;]<\/p>\n","protected":false},"author":1,"featured_media":0,"parent":1160,"menu_order":0,"comment_status":"closed","ping_status":"closed","template":"","meta":{"site-sidebar-layout":"no-sidebar","site-content-layout":"","ast-site-content-layout":"full-width-container","site-content-style":"default","site-sidebar-style":"default","ast-global-header-display":"","ast-banner-title-visibility":"","ast-main-header-display":"","ast-hfb-above-header-display":"","ast-hfb-below-header-display":"","ast-hfb-mobile-header-display":"","site-post-title":"disabled","ast-breadcrumbs-content":"","ast-featured-img":"disabled","footer-sml-layout":"","theme-transparent-header-meta":"","adv-header-id-meta":"","stick-header-meta":"","header-above-stick-meta":"","header-main-stick-meta":"","header-below-stick-meta":"","astra-migrate-meta-layouts":"default","ast-page-background-enabled":"default","ast-page-background-meta":{"desktop":{"background-color":"var(--ast-global-color-4)","background-image":"","background-repeat":"repeat","background-position":"center center","background-size":"auto","background-attachment":"scroll","background-type":"","background-media":"","overlay-type":"","overlay-color":"","overlay-opacity":"","overlay-gradient":""},"tablet":{"background-color":"","background-image":"","background-repeat":"repeat","background-position":"center center","background-size":"auto","background-attachment":"scroll","background-type":"","background-media":"","overlay-type":"","overlay-color":"","overlay-opacity":"","overlay-gradient":""},"mobile":{"background-color":"","background-image":"","background-repeat":"repeat","background-position":"center center","background-size":"auto","background-attachment":"scroll","background-type":"","background-media":"","overlay-type":"","overlay-color":"","overlay-opacity":"","overlay-gradient":""}},"ast-content-background-meta":{"desktop":{"background-color":"var(--ast-global-color-5)","background-image":"","background-repeat":"repeat","background-position":"center center","background-size":"auto","background-attachment":"scroll","background-type":"","background-media":"","overlay-type":"","overlay-color":"","overlay-opacity":"","overlay-gradient":""},"tablet":{"background-color":"var(--ast-global-color-5)","background-image":"","background-repeat":"repeat","background-position":"center center","background-size":"auto","background-attachment":"scroll","background-type":"","background-media":"","overlay-type":"","overlay-color":"","overlay-opacity":"","overlay-gradient":""},"mobile":{"background-color":"var(--ast-global-color-5)","background-image":"","background-repeat":"repeat","background-position":"center center","background-size":"auto","background-attachment":"scroll","background-type":"","background-media":"","overlay-type":"","overlay-color":"","overlay-opacity":"","overlay-gradient":""}},"footnotes":""},"class_list":["post-1158","page","type-page","status-publish","hentry"],"_links":{"self":[{"href":"https:\/\/fonds320.teamdigital.agency\/fr\/wp-json\/wp\/v2\/pages\/1158","targetHints":{"allow":["GET"]}}],"collection":[{"href":"https:\/\/fonds320.teamdigital.agency\/fr\/wp-json\/wp\/v2\/pages"}],"about":[{"href":"https:\/\/fonds320.teamdigital.agency\/fr\/wp-json\/wp\/v2\/types\/page"}],"author":[{"embeddable":true,"href":"https:\/\/fonds320.teamdigital.agency\/fr\/wp-json\/wp\/v2\/users\/1"}],"replies":[{"embeddable":true,"href":"https:\/\/fonds320.teamdigital.agency\/fr\/wp-json\/wp\/v2\/comments?post=1158"}],"version-history":[{"count":10,"href":"https:\/\/fonds320.teamdigital.agency\/fr\/wp-json\/wp\/v2\/pages\/1158\/revisions"}],"predecessor-version":[{"id":1451,"href":"https:\/\/fonds320.teamdigital.agency\/fr\/wp-json\/wp\/v2\/pages\/1158\/revisions\/1451"}],"up":[{"embeddable":true,"href":"https:\/\/fonds320.teamdigital.agency\/fr\/wp-json\/wp\/v2\/pages\/1160"}],"wp:attachment":[{"href":"https:\/\/fonds320.teamdigital.agency\/fr\/wp-json\/wp\/v2\/media?parent=1158"}],"curies":[{"name":"wp","href":"https:\/\/api.w.org\/{rel}","templated":true}]}}