{"id":1159,"date":"2024-02-05T07:50:41","date_gmt":"2024-02-05T07:50:41","guid":{"rendered":"https:\/\/fonds320.teamdigital.agency\/pensioenfonds\/"},"modified":"2025-06-12T08:31:55","modified_gmt":"2025-06-12T08:31:55","slug":"fonds-de-pension","status":"publish","type":"page","link":"https:\/\/fonds320.teamdigital.agency\/fr\/loon-en-arbeidsvoorwaarden\/fonds-de-pension\/","title":{"rendered":"Fonds de pension"},"content":{"rendered":"\t\t<div data-elementor-type=\"wp-page\" data-elementor-id=\"1159\" class=\"elementor elementor-1159 elementor-229\">\n\t\t\t\t<div class=\"elementor-element elementor-element-8c5768d e-flex e-con-boxed e-con e-parent\" data-id=\"8c5768d\" data-element_type=\"container\">\n\t\t\t\t\t<div class=\"e-con-inner\">\n\t\t\t\t<div class=\"elementor-element elementor-element-a332fba elementor-widget elementor-widget-heading\" data-id=\"a332fba\" data-element_type=\"widget\" data-widget_type=\"heading.default\">\n\t\t\t\t<div class=\"elementor-widget-container\">\n\t\t\t\t\t<h2 class=\"elementor-heading-title elementor-size-default\">Fonds de pension<\/h2>\t\t\t\t<\/div>\n\t\t\t\t<\/div>\n\t\t\t\t\t<\/div>\n\t\t\t\t<\/div>\n\t\t<div class=\"elementor-element elementor-element-4e74aa3 e-flex e-con-boxed e-con e-parent\" data-id=\"4e74aa3\" data-element_type=\"container\">\n\t\t\t\t\t<div class=\"e-con-inner\">\n\t\t\t\t<div class=\"elementor-element elementor-element-f65df34 elementor-widget elementor-widget-text-editor\" data-id=\"f65df34\" data-element_type=\"widget\" data-widget_type=\"text-editor.default\">\n\t\t\t\t<div class=\"elementor-widget-container\">\n\t\t\t\t\t\t\t\t\t<p>En plus de la pension l\u00e9gale (= 1er pilier), le fonds de pension CP 320 pr\u00e9voit une pension compl\u00e9mentaire sectorielle (= 2e pilier) pour ses travailleurs.&nbsp;<\/p>\n<p>Comment est constitu\u00e9e cette pension compl\u00e9mentaire ?<\/p>\n<ul>\n<li>Elle est compos\u00e9e d\u2019un pourcentage fixe du salaire :<\/li>\n<li>entre 2016 et le 30 juin 2020 : 0,3 % du salaire de r\u00e9f\u00e9rence<\/li>\n<li>3e trimestre 2020 : 0,7 % du salaire de r\u00e9f\u00e9rence<\/li>\n<li>\u00e0 partir du 4e trimestre 2020 : 0,5 % du salaire de r\u00e9f\u00e9rence<\/li>\n<li>Elle est compos\u00e9e d\u2019un montant forfaitaire bas\u00e9 sur l\u2019emploi du quatri\u00e8me trimestre de l\u2019ann\u00e9e (conversion \u00e9coch\u00e8ques) :<\/li>\n<li>250 EUR pour un emploi de minimum 4\/5e<\/li>\n<li>150 EUR pour un emploi de minimum 1\/2e<\/li><li>100 EUR pour un emploi de minimum 1\/3e<\/li><\/ul>\t\t\t\t\t\t\t\t<\/div>\n\t\t\t\t<\/div>\n\t\t\t\t\t<\/div>\n\t\t\t\t<\/div>\n\t\t\t\t<\/div>\n\t\t","protected":false},"excerpt":{"rendered":"<p>Fonds de pension En plus de la pension l\u00e9gale (= 1er pilier), le fonds de pension CP 320 pr\u00e9voit une pension compl\u00e9mentaire sectorielle (= 2e pilier) pour ses travailleurs.&nbsp; Comment est constitu\u00e9e cette pension compl\u00e9mentaire ? Elle est compos\u00e9e d\u2019un pourcentage fixe du salaire : entre 2016 et le 30 juin 2020 : 0,3 % [&hellip;]<\/p>\n","protected":false},"author":1,"featured_media":0,"parent":1160,"menu_order":0,"comment_status":"closed","ping_status":"closed","template":"","meta":{"site-sidebar-layout":"no-sidebar","site-content-layout":"","ast-site-content-layout":"full-width-container","site-content-style":"default","site-sidebar-style":"default","ast-global-header-display":"","ast-banner-title-visibility":"","ast-main-header-display":"","ast-hfb-above-header-display":"","ast-hfb-below-header-display":"","ast-hfb-mobile-header-display":"","site-post-title":"disabled","ast-breadcrumbs-content":"","ast-featured-img":"disabled","footer-sml-layout":"","theme-transparent-header-meta":"","adv-header-id-meta":"","stick-header-meta":"","header-above-stick-meta":"","header-main-stick-meta":"","header-below-stick-meta":"","astra-migrate-meta-layouts":"default","ast-page-background-enabled":"default","ast-page-background-meta":{"desktop":{"background-color":"var(--ast-global-color-4)","background-image":"","background-repeat":"repeat","background-position":"center center","background-size":"auto","background-attachment":"scroll","background-type":"","background-media":"","overlay-type":"","overlay-color":"","overlay-opacity":"","overlay-gradient":""},"tablet":{"background-color":"","background-image":"","background-repeat":"repeat","background-position":"center center","background-size":"auto","background-attachment":"scroll","background-type":"","background-media":"","overlay-type":"","overlay-color":"","overlay-opacity":"","overlay-gradient":""},"mobile":{"background-color":"","background-image":"","background-repeat":"repeat","background-position":"center center","background-size":"auto","background-attachment":"scroll","background-type":"","background-media":"","overlay-type":"","overlay-color":"","overlay-opacity":"","overlay-gradient":""}},"ast-content-background-meta":{"desktop":{"background-color":"var(--ast-global-color-5)","background-image":"","background-repeat":"repeat","background-position":"center center","background-size":"auto","background-attachment":"scroll","background-type":"","background-media":"","overlay-type":"","overlay-color":"","overlay-opacity":"","overlay-gradient":""},"tablet":{"background-color":"var(--ast-global-color-5)","background-image":"","background-repeat":"repeat","background-position":"center center","background-size":"auto","background-attachment":"scroll","background-type":"","background-media":"","overlay-type":"","overlay-color":"","overlay-opacity":"","overlay-gradient":""},"mobile":{"background-color":"var(--ast-global-color-5)","background-image":"","background-repeat":"repeat","background-position":"center center","background-size":"auto","background-attachment":"scroll","background-type":"","background-media":"","overlay-type":"","overlay-color":"","overlay-opacity":"","overlay-gradient":""}},"footnotes":""},"class_list":["post-1159","page","type-page","status-publish","hentry"],"_links":{"self":[{"href":"https:\/\/fonds320.teamdigital.agency\/fr\/wp-json\/wp\/v2\/pages\/1159","targetHints":{"allow":["GET"]}}],"collection":[{"href":"https:\/\/fonds320.teamdigital.agency\/fr\/wp-json\/wp\/v2\/pages"}],"about":[{"href":"https:\/\/fonds320.teamdigital.agency\/fr\/wp-json\/wp\/v2\/types\/page"}],"author":[{"embeddable":true,"href":"https:\/\/fonds320.teamdigital.agency\/fr\/wp-json\/wp\/v2\/users\/1"}],"replies":[{"embeddable":true,"href":"https:\/\/fonds320.teamdigital.agency\/fr\/wp-json\/wp\/v2\/comments?post=1159"}],"version-history":[{"count":4,"href":"https:\/\/fonds320.teamdigital.agency\/fr\/wp-json\/wp\/v2\/pages\/1159\/revisions"}],"predecessor-version":[{"id":1252,"href":"https:\/\/fonds320.teamdigital.agency\/fr\/wp-json\/wp\/v2\/pages\/1159\/revisions\/1252"}],"up":[{"embeddable":true,"href":"https:\/\/fonds320.teamdigital.agency\/fr\/wp-json\/wp\/v2\/pages\/1160"}],"wp:attachment":[{"href":"https:\/\/fonds320.teamdigital.agency\/fr\/wp-json\/wp\/v2\/media?parent=1159"}],"curies":[{"name":"wp","href":"https:\/\/api.w.org\/{rel}","templated":true}]}}