{"id":1167,"date":"2024-02-04T08:51:02","date_gmt":"2024-02-04T08:51:02","guid":{"rendered":"https:\/\/fonds320.teamdigital.agency\/werkgevers\/tussenkomst-rijbewijs-b\/"},"modified":"2025-06-12T08:10:14","modified_gmt":"2025-06-12T08:10:14","slug":"intervention-dans-le-permis-de-conduire-b","status":"publish","type":"page","link":"https:\/\/fonds320.teamdigital.agency\/fr\/werkgevers\/intervention-dans-le-permis-de-conduire-b\/","title":{"rendered":"Intervention dans le permis de conduire B"},"content":{"rendered":"\t\t<div data-elementor-type=\"wp-page\" data-elementor-id=\"1167\" class=\"elementor elementor-1167 elementor-131\">\n\t\t\t\t<div class=\"elementor-element elementor-element-8c5768d e-flex e-con-boxed e-con e-parent\" data-id=\"8c5768d\" data-element_type=\"container\">\n\t\t\t\t\t<div class=\"e-con-inner\">\n\t\t\t\t<div class=\"elementor-element elementor-element-a332fba elementor-widget elementor-widget-heading\" data-id=\"a332fba\" data-element_type=\"widget\" data-widget_type=\"heading.default\">\n\t\t\t\t<div class=\"elementor-widget-container\">\n\t\t\t\t\t<h2 class=\"elementor-heading-title elementor-size-default\">Intervention dans le permis de conduire B<\/h2>\t\t\t\t<\/div>\n\t\t\t\t<\/div>\n\t\t\t\t\t<\/div>\n\t\t\t\t<\/div>\n\t\t<div class=\"elementor-element elementor-element-4e74aa3 e-flex e-con-boxed e-con e-parent\" data-id=\"4e74aa3\" data-element_type=\"container\">\n\t\t\t\t\t<div class=\"e-con-inner\">\n\t\t\t\t<div class=\"elementor-element elementor-element-4297be6 elementor-widget elementor-widget-heading\" data-id=\"4297be6\" data-element_type=\"widget\" data-widget_type=\"heading.default\">\n\t\t\t\t<div class=\"elementor-widget-container\">\n\t\t\t\t\t<h3 class=\"elementor-heading-title elementor-size-default\">Qui a droit \u00e0 une intervention ?<\/h3>\t\t\t\t<\/div>\n\t\t\t\t<\/div>\n\t\t\t\t<div class=\"elementor-element elementor-element-f65df34 elementor-widget elementor-widget-text-editor\" data-id=\"f65df34\" data-element_type=\"widget\" data-widget_type=\"text-editor.default\">\n\t\t\t\t<div class=\"elementor-widget-container\">\n\t\t\t\t\t\t\t\t\t<p>Une intervention est octroy\u00e9e uniquement aux employeurs qui ressortissent \u00e0 la CP 320 \u2013 Entreprises de pompes fun\u00e8bres et qui ont pay\u00e9 la facture du permis de conduire pour leur travailleur.<\/p><p>Si dans le cadre de cette CP, le travailleur appartient \u00e0 l\u2019un des groupes <span style=\"color: #ff0000;\">(= link naar FR overzicht risicogroepen)<\/span> \u00e0 risque et s\u2019il souhaite obtenir un permis de conduire B aupr\u00e8s d\u2019une \u00e9cole de conduite agr\u00e9\u00e9e, une intervention de maximum 300 EUR est octroy\u00e9e.<\/p>\t\t\t\t\t\t\t\t<\/div>\n\t\t\t\t<\/div>\n\t\t\t\t\t<\/div>\n\t\t\t\t<\/div>\n\t\t<div class=\"elementor-element elementor-element-8ccb586 e-flex e-con-boxed e-con e-parent\" data-id=\"8ccb586\" data-element_type=\"container\">\n\t\t\t\t\t<div class=\"e-con-inner\">\n\t\t\t\t<div class=\"elementor-element elementor-element-5308566 elementor-widget elementor-widget-heading\" data-id=\"5308566\" data-element_type=\"widget\" data-widget_type=\"heading.default\">\n\t\t\t\t<div class=\"elementor-widget-container\">\n\t\t\t\t\t<h3 class=\"elementor-heading-title elementor-size-default\">Quelles sont les formalit\u00e9s ?<\/h3>\t\t\t\t<\/div>\n\t\t\t\t<\/div>\n\t\t\t\t<div class=\"elementor-element elementor-element-ca83ea2 elementor-widget elementor-widget-text-editor\" data-id=\"ca83ea2\" data-element_type=\"widget\" data-widget_type=\"text-editor.default\">\n\t\t\t\t<div class=\"elementor-widget-container\">\n\t\t\t\t\t\t\t\t\t<p>Vous pouvez introduire une demande d\u2019intervention aupr\u00e8s du Fonds 320 sur la base des documents suivants :<\/p><ul><li>Une copie de la facture de l\u2019auto-\u00e9cole<\/li><li>Formulaire 7 : <a href=\"https:\/\/fonds320.teamdigital.agency\/wp-content\/uploads\/2025\/06\/Formulier-7-FR.pdf\" target=\"_blank\" rel=\"noopener\">Formulaire de demande d\u2019une intervention financi\u00e8re dans les frais du permis de conduire<\/a><\/li><\/ul><p>La demande peut \u00eatre introduite aupr\u00e8s du Fonds jusqu\u2019\u00e0 3 mois au plus tard apr\u00e8s l\u2019obtention du permis de conduire.<\/p>\t\t\t\t\t\t\t\t<\/div>\n\t\t\t\t<\/div>\n\t\t\t\t\t<\/div>\n\t\t\t\t<\/div>\n\t\t\t\t<\/div>\n\t\t","protected":false},"excerpt":{"rendered":"<p>Intervention dans le permis de conduire B Qui a droit \u00e0 une intervention ? Une intervention est octroy\u00e9e uniquement aux employeurs qui ressortissent \u00e0 la CP 320 \u2013 Entreprises de pompes fun\u00e8bres et qui ont pay\u00e9 la facture du permis de conduire pour leur travailleur. Si dans le cadre de cette CP, le travailleur appartient [&hellip;]<\/p>\n","protected":false},"author":1,"featured_media":0,"parent":1166,"menu_order":0,"comment_status":"closed","ping_status":"closed","template":"","meta":{"site-sidebar-layout":"no-sidebar","site-content-layout":"","ast-site-content-layout":"full-width-container","site-content-style":"default","site-sidebar-style":"default","ast-global-header-display":"","ast-banner-title-visibility":"","ast-main-header-display":"","ast-hfb-above-header-display":"","ast-hfb-below-header-display":"","ast-hfb-mobile-header-display":"","site-post-title":"disabled","ast-breadcrumbs-content":"","ast-featured-img":"disabled","footer-sml-layout":"","theme-transparent-header-meta":"","adv-header-id-meta":"","stick-header-meta":"","header-above-stick-meta":"","header-main-stick-meta":"","header-below-stick-meta":"","astra-migrate-meta-layouts":"default","ast-page-background-enabled":"default","ast-page-background-meta":{"desktop":{"background-color":"var(--ast-global-color-4)","background-image":"","background-repeat":"repeat","background-position":"center center","background-size":"auto","background-attachment":"scroll","background-type":"","background-media":"","overlay-type":"","overlay-color":"","overlay-opacity":"","overlay-gradient":""},"tablet":{"background-color":"","background-image":"","background-repeat":"repeat","background-position":"center center","background-size":"auto","background-attachment":"scroll","background-type":"","background-media":"","overlay-type":"","overlay-color":"","overlay-opacity":"","overlay-gradient":""},"mobile":{"background-color":"","background-image":"","background-repeat":"repeat","background-position":"center center","background-size":"auto","background-attachment":"scroll","background-type":"","background-media":"","overlay-type":"","overlay-color":"","overlay-opacity":"","overlay-gradient":""}},"ast-content-background-meta":{"desktop":{"background-color":"var(--ast-global-color-5)","background-image":"","background-repeat":"repeat","background-position":"center center","background-size":"auto","background-attachment":"scroll","background-type":"","background-media":"","overlay-type":"","overlay-color":"","overlay-opacity":"","overlay-gradient":""},"tablet":{"background-color":"var(--ast-global-color-5)","background-image":"","background-repeat":"repeat","background-position":"center center","background-size":"auto","background-attachment":"scroll","background-type":"","background-media":"","overlay-type":"","overlay-color":"","overlay-opacity":"","overlay-gradient":""},"mobile":{"background-color":"var(--ast-global-color-5)","background-image":"","background-repeat":"repeat","background-position":"center center","background-size":"auto","background-attachment":"scroll","background-type":"","background-media":"","overlay-type":"","overlay-color":"","overlay-opacity":"","overlay-gradient":""}},"footnotes":""},"class_list":["post-1167","page","type-page","status-publish","hentry"],"_links":{"self":[{"href":"https:\/\/fonds320.teamdigital.agency\/fr\/wp-json\/wp\/v2\/pages\/1167","targetHints":{"allow":["GET"]}}],"collection":[{"href":"https:\/\/fonds320.teamdigital.agency\/fr\/wp-json\/wp\/v2\/pages"}],"about":[{"href":"https:\/\/fonds320.teamdigital.agency\/fr\/wp-json\/wp\/v2\/types\/page"}],"author":[{"embeddable":true,"href":"https:\/\/fonds320.teamdigital.agency\/fr\/wp-json\/wp\/v2\/users\/1"}],"replies":[{"embeddable":true,"href":"https:\/\/fonds320.teamdigital.agency\/fr\/wp-json\/wp\/v2\/comments?post=1167"}],"version-history":[{"count":7,"href":"https:\/\/fonds320.teamdigital.agency\/fr\/wp-json\/wp\/v2\/pages\/1167\/revisions"}],"predecessor-version":[{"id":1223,"href":"https:\/\/fonds320.teamdigital.agency\/fr\/wp-json\/wp\/v2\/pages\/1167\/revisions\/1223"}],"up":[{"embeddable":true,"href":"https:\/\/fonds320.teamdigital.agency\/fr\/wp-json\/wp\/v2\/pages\/1166"}],"wp:attachment":[{"href":"https:\/\/fonds320.teamdigital.agency\/fr\/wp-json\/wp\/v2\/media?parent=1167"}],"curies":[{"name":"wp","href":"https:\/\/api.w.org\/{rel}","templated":true}]}}