{"id":1170,"date":"2023-11-04T09:50:41","date_gmt":"2023-11-04T08:50:41","guid":{"rendered":"https:\/\/fonds320.teamdigital.agency\/home\/"},"modified":"2025-06-13T06:57:35","modified_gmt":"2025-06-13T04:57:35","slug":"home","status":"publish","type":"page","link":"https:\/\/fonds320.teamdigital.agency\/fr\/","title":{"rendered":"ACCUEIL"},"content":{"rendered":"\t\t<div data-elementor-type=\"wp-page\" data-elementor-id=\"1170\" class=\"elementor elementor-1170 elementor-6\">\n\t\t\t\t<div class=\"elementor-element elementor-element-46813ec e-con-full e-flex e-con e-parent\" data-id=\"46813ec\" data-element_type=\"container\" data-settings=\"{&quot;background_background&quot;:&quot;classic&quot;}\">\n\t\t<div class=\"elementor-element elementor-element-08e49f6 e-flex e-con-boxed e-con e-child\" data-id=\"08e49f6\" data-element_type=\"container\">\n\t\t\t\t\t<div class=\"e-con-inner\">\n\t\t\t\t<div class=\"elementor-element elementor-element-7c5d6f3 elementor-widget elementor-widget-heading\" data-id=\"7c5d6f3\" data-element_type=\"widget\" data-widget_type=\"heading.default\">\n\t\t\t\t<div class=\"elementor-widget-container\">\n\t\t\t\t\t<h2 class=\"elementor-heading-title elementor-size-default\">Fonds social et de garantie pour les entreprises de pompes fun\u00e8bres<\/h2>\t\t\t\t<\/div>\n\t\t\t\t<\/div>\n\t\t\t\t<div class=\"elementor-element elementor-element-8902b13 elementor-widget elementor-widget-heading\" data-id=\"8902b13\" data-element_type=\"widget\" data-widget_type=\"heading.default\">\n\t\t\t\t<div class=\"elementor-widget-container\">\n\t\t\t\t\t<h4 class=\"elementor-heading-title elementor-size-default\">Fond\u00e9 au sein de la Commission paritaire 320 des entreprises de pompes fun\u00e8bres, il d\u00e9fend les int\u00e9r\u00eats des employeurs et de leurs travailleurs dans le secteur des pompes fun\u00e8bres<\/h4>\t\t\t\t<\/div>\n\t\t\t\t<\/div>\n\t\t\t\t\t<\/div>\n\t\t\t\t<\/div>\n\t\t\t\t<\/div>\n\t\t<div class=\"elementor-element elementor-element-219e977 e-flex e-con-boxed e-con e-parent\" data-id=\"219e977\" data-element_type=\"container\" data-settings=\"{&quot;background_background&quot;:&quot;classic&quot;}\">\n\t\t\t\t\t<div class=\"e-con-inner\">\n\t\t<div class=\"elementor-element elementor-element-b9974f4 e-con-full e-flex e-con e-child\" data-id=\"b9974f4\" data-element_type=\"container\">\n\t\t\t\t<div class=\"elementor-element elementor-element-465498c elementor-widget elementor-widget-heading\" data-id=\"465498c\" data-element_type=\"widget\" data-widget_type=\"heading.default\">\n\t\t\t\t<div class=\"elementor-widget-container\">\n\t\t\t\t\t<h2 class=\"elementor-heading-title elementor-size-default\">Fonds social 320<\/h2>\t\t\t\t<\/div>\n\t\t\t\t<\/div>\n\t\t\t\t<div class=\"elementor-element elementor-element-0c6163b elementor-widget elementor-widget-heading\" data-id=\"0c6163b\" data-element_type=\"widget\" data-widget_type=\"heading.default\">\n\t\t\t\t<div class=\"elementor-widget-container\">\n\t\t\t\t\t<h4 class=\"elementor-heading-title elementor-size-default\">Le partenaire de votre accompagnement et de votre croissance<\/h4>\t\t\t\t<\/div>\n\t\t\t\t<\/div>\n\t\t\t\t<div class=\"elementor-element elementor-element-f572beb elementor-widget elementor-widget-text-editor\" data-id=\"f572beb\" data-element_type=\"widget\" data-widget_type=\"text-editor.default\">\n\t\t\t\t<div class=\"elementor-widget-container\">\n\t\t\t\t\t\t\t\t\t<p>Le Fonds social 320 met sa passion au service du bien-\u00eatre et de l\u2019avenir des entreprises et des travailleurs de la Commission paritaire 320.\u00a0 Nous offrons des conseils pr\u00e9cieux, un accompagnement et des solutions concr\u00e8tes qui contribuent \u00e0 l\u2019\u00e9volution des soci\u00e9t\u00e9s et des carri\u00e8res.<\/p><p>Nous investissons dans la s\u00e9curit\u00e9 d\u2019existence et la croissance en octroyant des primes cibl\u00e9es et un soutien exp\u00e9riment\u00e9.<\/p><p>Le Fonds social 320 \u0153uvre en faveur d\u2019un secteur stable et tourn\u00e9 vers l\u2019avenir, qui ne laisse tomber personne.<\/p>\t\t\t\t\t\t\t\t<\/div>\n\t\t\t\t<\/div>\n\t\t\t\t<div class=\"elementor-element elementor-element-fb706a6 elementor-widget elementor-widget-text-editor\" data-id=\"fb706a6\" data-element_type=\"widget\" data-widget_type=\"text-editor.default\">\n\t\t\t\t<div class=\"elementor-widget-container\">\n\t\t\t\t\t\t\t\t\t<p>Vous avez des questions ? Ou envie de savoir comment nous pouvons vous aider ?\u00a0 N\u2019h\u00e9sitez pas \u00e0 nous contacter.<\/p>\t\t\t\t\t\t\t\t<\/div>\n\t\t\t\t<\/div>\n\t\t\t\t<div class=\"elementor-element elementor-element-ed31810 elementor-widget elementor-widget-button\" data-id=\"ed31810\" data-element_type=\"widget\" data-widget_type=\"button.default\">\n\t\t\t\t<div class=\"elementor-widget-container\">\n\t\t\t\t\t\t\t\t\t<div class=\"elementor-button-wrapper\">\n\t\t\t\t\t<a class=\"elementor-button elementor-button-link elementor-size-sm\" href=\"https:\/\/fonds320.teamdigital.agency\/fr\/contact\/\">\n\t\t\t\t\t\t<span class=\"elementor-button-content-wrapper\">\n\t\t\t\t\t\t\t\t\t<span class=\"elementor-button-text\">CONTACTEZ-NOUS<\/span>\n\t\t\t\t\t<\/span>\n\t\t\t\t\t<\/a>\n\t\t\t\t<\/div>\n\t\t\t\t\t\t\t\t<\/div>\n\t\t\t\t<\/div>\n\t\t\t\t<div class=\"elementor-element elementor-element-576e7e3 elementor-absolute elementor-widget__width-initial elementor-widget elementor-widget-image\" data-id=\"576e7e3\" data-element_type=\"widget\" data-settings=\"{&quot;_position&quot;:&quot;absolute&quot;}\" data-widget_type=\"image.default\">\n\t\t\t\t<div class=\"elementor-widget-container\">\n\t\t\t\t\t\t\t\t\t\t\t\t\t\t\t<img fetchpriority=\"high\" decoding=\"async\" width=\"340\" height=\"150\" src=\"https:\/\/fonds320.teamdigital.agency\/wp-content\/uploads\/2024\/04\/320-blue.png\" class=\"attachment-full size-full wp-image-394\" alt=\"\" srcset=\"https:\/\/fonds320.teamdigital.agency\/wp-content\/uploads\/2024\/04\/320-blue.png 340w, https:\/\/fonds320.teamdigital.agency\/wp-content\/uploads\/2024\/04\/320-blue-300x132.png 300w\" sizes=\"(max-width: 340px) 100vw, 340px\" \/>\t\t\t\t\t\t\t\t\t\t\t\t\t\t\t<\/div>\n\t\t\t\t<\/div>\n\t\t\t\t<\/div>\n\t\t\t\t\t<\/div>\n\t\t\t\t<\/div>\n\t\t<div class=\"elementor-element elementor-element-7e85643 elementor-hidden-desktop elementor-hidden-tablet elementor-hidden-mobile e-flex e-con-boxed e-con e-parent\" data-id=\"7e85643\" data-element_type=\"container\" data-settings=\"{&quot;background_background&quot;:&quot;classic&quot;}\">\n\t\t\t\t\t<div class=\"e-con-inner\">\n\t\t<div class=\"elementor-element elementor-element-e89cc42 e-con-full e-flex e-con e-child\" data-id=\"e89cc42\" data-element_type=\"container\">\n\t\t\t\t<div class=\"elementor-element elementor-element-3448666 elementor-widget elementor-widget-heading\" data-id=\"3448666\" data-element_type=\"widget\" data-widget_type=\"heading.default\">\n\t\t\t\t<div class=\"elementor-widget-container\">\n\t\t\t\t\t<h2 class=\"elementor-heading-title elementor-size-default\">Waarom het Sociaal Fonds 320<\/h2>\t\t\t\t<\/div>\n\t\t\t\t<\/div>\n\t\t\t\t<div class=\"elementor-element elementor-element-3fe66fa elementor-widget elementor-widget-text-editor\" data-id=\"3fe66fa\" data-element_type=\"widget\" data-widget_type=\"text-editor.default\">\n\t\t\t\t<div class=\"elementor-widget-container\">\n\t\t\t\t\t\t\t\t\t<p>Het Fonds streeft ernaar de bestaanszekerheid en werkgelegenheid in de sector te bevorderen door hulp te bieden op vlak van:<\/p>\t\t\t\t\t\t\t\t<\/div>\n\t\t\t\t<\/div>\n\t\t<div class=\"elementor-element elementor-element-0c34080 e-flex e-con-boxed e-con e-child\" data-id=\"0c34080\" data-element_type=\"container\">\n\t\t\t\t\t<div class=\"e-con-inner\">\n\t\t<div class=\"elementor-element elementor-element-18848a7 e-flex e-con-boxed e-con e-child\" data-id=\"18848a7\" data-element_type=\"container\" data-settings=\"{&quot;background_background&quot;:&quot;classic&quot;}\">\n\t\t\t\t\t<div class=\"e-con-inner\">\n\t\t\t\t<div class=\"elementor-element elementor-element-e2bb526 elementor-widget elementor-widget-heading\" data-id=\"e2bb526\" data-element_type=\"widget\" data-widget_type=\"heading.default\">\n\t\t\t\t<div class=\"elementor-widget-container\">\n\t\t\t\t\t<h4 class=\"elementor-heading-title elementor-size-default\">Financi\u00eble ondersteuning<\/h4>\t\t\t\t<\/div>\n\t\t\t\t<\/div>\n\t\t\t\t<div class=\"elementor-element elementor-element-bf37eeb elementor-widget elementor-widget-text-editor\" data-id=\"bf37eeb\" data-element_type=\"widget\" data-widget_type=\"text-editor.default\">\n\t\t\t\t<div class=\"elementor-widget-container\">\n\t\t\t\t\t\t\t\t\t<p>Om de bestaanszekerheid van al wie werkt onder PC 320 te garanderen, doet Fonds 320 een aantal financi\u00eble tegemoetkomingen aan de begrafenisondernemingen en aan hun werknemers.\u00a0<\/p>\t\t\t\t\t\t\t\t<\/div>\n\t\t\t\t<\/div>\n\t\t\t\t\t<\/div>\n\t\t\t\t<\/div>\n\t\t<div class=\"elementor-element elementor-element-f37f067 e-flex e-con-boxed e-con e-child\" data-id=\"f37f067\" data-element_type=\"container\" data-settings=\"{&quot;background_background&quot;:&quot;classic&quot;}\">\n\t\t\t\t\t<div class=\"e-con-inner\">\n\t\t\t\t<div class=\"elementor-element elementor-element-68a9f2f elementor-widget elementor-widget-heading\" data-id=\"68a9f2f\" data-element_type=\"widget\" data-widget_type=\"heading.default\">\n\t\t\t\t<div class=\"elementor-widget-container\">\n\t\t\t\t\t<h4 class=\"elementor-heading-title elementor-size-default\">HR-advies<\/h4>\t\t\t\t<\/div>\n\t\t\t\t<\/div>\n\t\t\t\t<div class=\"elementor-element elementor-element-fd8deed elementor-widget elementor-widget-text-editor\" data-id=\"fd8deed\" data-element_type=\"widget\" data-widget_type=\"text-editor.default\">\n\t\t\t\t<div class=\"elementor-widget-container\">\n\t\t\t\t\t\t\t\t\t<p>Fonds 320 volgt de bedrijvigheid in de sector nauwgezet op en biedt HR-advies.\u00a0 In samenwerking met de Vlaamse Overheid tracht het Fonds openstaande vacatures bij zijn leden in te vullen, de leden ondersteuning te geven bij personeelsbeleid, en de sector te versterken.<\/p>\t\t\t\t\t\t\t\t<\/div>\n\t\t\t\t<\/div>\n\t\t\t\t\t<\/div>\n\t\t\t\t<\/div>\n\t\t\t\t\t<\/div>\n\t\t\t\t<\/div>\n\t\t\t\t<div class=\"elementor-element elementor-element-1a9e9ba elementor-widget elementor-widget-text-editor\" data-id=\"1a9e9ba\" data-element_type=\"widget\" data-widget_type=\"text-editor.default\">\n\t\t\t\t<div class=\"elementor-widget-container\">\n\t\t\t\t\t\t\t\t\t<p>Werkgevers begrafenisondernemers en werknemers uit paritair comit\u00e9 320 kunnen met hun vragen terecht bij secretariaat van het Fonds 320, telefonisch of per e-mail.\u00a0 Het Fonds garandeert een snelle opvolging van de vragen. \u00a0Opleidingsinstituten kunnen bij Fonds 320 terecht voor tussenkomsten in bepaalde opleidingen.<\/p>\t\t\t\t\t\t\t\t<\/div>\n\t\t\t\t<\/div>\n\t\t\t\t<div class=\"elementor-element elementor-element-61ab146 elementor-widget elementor-widget-button\" data-id=\"61ab146\" data-element_type=\"widget\" data-widget_type=\"button.default\">\n\t\t\t\t<div class=\"elementor-widget-container\">\n\t\t\t\t\t\t\t\t\t<div class=\"elementor-button-wrapper\">\n\t\t\t\t\t<a class=\"elementor-button elementor-button-link elementor-size-sm\" href=\"mailto:info@fonds320.be\">\n\t\t\t\t\t\t<span class=\"elementor-button-content-wrapper\">\n\t\t\t\t\t\t\t\t\t<span class=\"elementor-button-text\">CONTACTEER ONS<\/span>\n\t\t\t\t\t<\/span>\n\t\t\t\t\t<\/a>\n\t\t\t\t<\/div>\n\t\t\t\t\t\t\t\t<\/div>\n\t\t\t\t<\/div>\n\t\t\t\t<\/div>\n\t\t\t\t\t<\/div>\n\t\t\t\t<\/div>\n\t\t\t\t<\/div>\n\t\t","protected":false},"excerpt":{"rendered":"<p>Fonds social et de garantie pour les entreprises de pompes fun\u00e8bres Fond\u00e9 au sein de la Commission paritaire 320 des entreprises de pompes fun\u00e8bres, il d\u00e9fend les int\u00e9r\u00eats des employeurs et de leurs travailleurs dans le secteur des pompes fun\u00e8bres Fonds social 320 Le partenaire de votre accompagnement et de votre croissance Le Fonds social [&hellip;]<\/p>\n","protected":false},"author":1,"featured_media":0,"parent":0,"menu_order":0,"comment_status":"closed","ping_status":"closed","template":"","meta":{"site-sidebar-layout":"no-sidebar","site-content-layout":"","ast-site-content-layout":"full-width-container","site-content-style":"default","site-sidebar-style":"default","ast-global-header-display":"","ast-banner-title-visibility":"","ast-main-header-display":"","ast-hfb-above-header-display":"","ast-hfb-below-header-display":"","ast-hfb-mobile-header-display":"","site-post-title":"disabled","ast-breadcrumbs-content":"","ast-featured-img":"disabled","footer-sml-layout":"","theme-transparent-header-meta":"","adv-header-id-meta":"","stick-header-meta":"","header-above-stick-meta":"","header-main-stick-meta":"","header-below-stick-meta":"","astra-migrate-meta-layouts":"default","ast-page-background-enabled":"default","ast-page-background-meta":{"desktop":{"background-color":"var(--ast-global-color-4)","background-image":"","background-repeat":"repeat","background-position":"center center","background-size":"auto","background-attachment":"scroll","background-type":"","background-media":"","overlay-type":"","overlay-color":"","overlay-opacity":"","overlay-gradient":""},"tablet":{"background-color":"","background-image":"","background-repeat":"repeat","background-position":"center center","background-size":"auto","background-attachment":"scroll","background-type":"","background-media":"","overlay-type":"","overlay-color":"","overlay-opacity":"","overlay-gradient":""},"mobile":{"background-color":"","background-image":"","background-repeat":"repeat","background-position":"center center","background-size":"auto","background-attachment":"scroll","background-type":"","background-media":"","overlay-type":"","overlay-color":"","overlay-opacity":"","overlay-gradient":""}},"ast-content-background-meta":{"desktop":{"background-color":"var(--ast-global-color-5)","background-image":"","background-repeat":"repeat","background-position":"center center","background-size":"auto","background-attachment":"scroll","background-type":"","background-media":"","overlay-type":"","overlay-color":"","overlay-opacity":"","overlay-gradient":""},"tablet":{"background-color":"var(--ast-global-color-5)","background-image":"","background-repeat":"repeat","background-position":"center center","background-size":"auto","background-attachment":"scroll","background-type":"","background-media":"","overlay-type":"","overlay-color":"","overlay-opacity":"","overlay-gradient":""},"mobile":{"background-color":"var(--ast-global-color-5)","background-image":"","background-repeat":"repeat","background-position":"center center","background-size":"auto","background-attachment":"scroll","background-type":"","background-media":"","overlay-type":"","overlay-color":"","overlay-opacity":"","overlay-gradient":""}},"footnotes":""},"class_list":["post-1170","page","type-page","status-publish","hentry"],"_links":{"self":[{"href":"https:\/\/fonds320.teamdigital.agency\/fr\/wp-json\/wp\/v2\/pages\/1170","targetHints":{"allow":["GET"]}}],"collection":[{"href":"https:\/\/fonds320.teamdigital.agency\/fr\/wp-json\/wp\/v2\/pages"}],"about":[{"href":"https:\/\/fonds320.teamdigital.agency\/fr\/wp-json\/wp\/v2\/types\/page"}],"author":[{"embeddable":true,"href":"https:\/\/fonds320.teamdigital.agency\/fr\/wp-json\/wp\/v2\/users\/1"}],"replies":[{"embeddable":true,"href":"https:\/\/fonds320.teamdigital.agency\/fr\/wp-json\/wp\/v2\/comments?post=1170"}],"version-history":[{"count":7,"href":"https:\/\/fonds320.teamdigital.agency\/fr\/wp-json\/wp\/v2\/pages\/1170\/revisions"}],"predecessor-version":[{"id":1337,"href":"https:\/\/fonds320.teamdigital.agency\/fr\/wp-json\/wp\/v2\/pages\/1170\/revisions\/1337"}],"wp:attachment":[{"href":"https:\/\/fonds320.teamdigital.agency\/fr\/wp-json\/wp\/v2\/media?parent=1170"}],"curies":[{"name":"wp","href":"https:\/\/api.w.org\/{rel}","templated":true}]}}